{"id":821,"date":"2021-12-10T09:06:12","date_gmt":"2021-12-10T09:06:12","guid":{"rendered":"https:\/\/www.nerjayoga.com\/?page_id=821"},"modified":"2024-01-08T09:10:38","modified_gmt":"2024-01-08T09:10:38","slug":"retiros","status":"publish","type":"page","link":"https:\/\/www.nerjayoga.com\/en\/retiros\/","title":{"rendered":"Yoga Retreats &#038; Events"},"content":{"rendered":"\n<h2 class=\"wp-block-heading\">March 2019<\/h2>\n\n\n\n<p>6 d\u00edas de Yoga y Senderismo con un grupo de personas que podr\u00edan haber representado a las Naciones Unidas; cont\u00e1bamos con un israel\u00ed, una camboyana, una holandesa, una sueca, un polaco, 3 inglesas, una escocesa, una irlandesa y yo (que soy de nacionalidad belga).<\/p>\n\n\n\n<p>Cuando mi amiga Beatriz L\u00f3pez y yo tom\u00e1bamos caf\u00e9 en Ayo una soleada ma\u00f1ana de oto\u00f1o y coment\u00e1bamos que deber\u00edamos organizar un retiro de Yoga y Senderismo en Nerja (dos actividades que a ambas nos apasionan y en el que creemos que es el pueblo m\u00e1s bonito del mundo), creo que no \u00e9ramos del todo conscientes de la cantidad de trabajo que ello conlleva. Sin embargo, somos fuertes, decididas y so\u00f1adoras- As\u00ed que, nos pusimos manos a la obra para que este sue\u00f1o se cumpliera.<\/p>\n\n\n\n<p>Tuvimos la grand\u00edsima suerte de haber acogido a un grupo de personas para nuestro primer retiro, que fueron maravillosas: muy alegres, agradecidas\/os, sociables, y dispuestas a pasarlo muy bien.<\/p>\n\n\n\n<p>Y fue una suerte, porque si algo aprend\u00ed, es que a veces, las cosas no salen como ten\u00edas pensado. Todo nuestro retiro giraba en torno al clima que cabe esperar de Nerja, cielos azules y buen tiempo, para poder hacer nuestras clases en la azotea, comer al aire libre y caminar por los parques naturales que rodean Este entorno. Pero en Marzo de 2019, cuando se llev\u00f3 a cabo este retiro, el destino,decidi\u00f3 cambiar los planes, con viento, lluvia y temperaturas m\u00e1s bien fresquitas\u2026.. as\u00ed que improvisamos una sala de Yoga, comimos dentro y en alg\u00fan paseo nos cayeron algunas gotitas. Suerte que nuestro grupo de asistentes lo tom\u00f3 todo estupendamente y de buena gana.<\/p>\n\n\n\n<figure class=\"wp-block-image\"><img loading=\"lazy\" decoding=\"async\" width=\"1024\" height=\"683\" src=\"http:\/\/nerjayoga.com\/wp-content\/uploads\/2021\/06\/Retiroyoga-Grupo-clases-1024x683.jpg\" alt=\"\" class=\"wp-image-578\" srcset=\"https:\/\/www.nerjayoga.com\/wp-content\/uploads\/2021\/06\/Retiroyoga-Grupo-clases-1024x683.jpg 1024w, https:\/\/www.nerjayoga.com\/wp-content\/uploads\/2021\/06\/Retiroyoga-Grupo-clases-300x200.jpg 300w, https:\/\/www.nerjayoga.com\/wp-content\/uploads\/2021\/06\/Retiroyoga-Grupo-clases-768x512.jpg 768w, https:\/\/www.nerjayoga.com\/wp-content\/uploads\/2021\/06\/Retiroyoga-Grupo-clases.jpg 1294w\" sizes=\"auto, (max-width: 1024px) 100vw, 1024px\" \/><\/figure>\n\n\n\n<figure class=\"wp-block-image\"><img loading=\"lazy\" decoding=\"async\" width=\"1024\" height=\"683\" src=\"http:\/\/nerjayoga.com\/wp-content\/uploads\/2021\/06\/Retiroyoga-Grupo-clases2-1024x683.jpg\" alt=\"\" class=\"wp-image-579\" srcset=\"https:\/\/www.nerjayoga.com\/wp-content\/uploads\/2021\/06\/Retiroyoga-Grupo-clases2-1024x683.jpg 1024w, https:\/\/www.nerjayoga.com\/wp-content\/uploads\/2021\/06\/Retiroyoga-Grupo-clases2-300x200.jpg 300w, https:\/\/www.nerjayoga.com\/wp-content\/uploads\/2021\/06\/Retiroyoga-Grupo-clases2-768x512.jpg 768w, https:\/\/www.nerjayoga.com\/wp-content\/uploads\/2021\/06\/Retiroyoga-Grupo-clases2.jpg 1294w\" sizes=\"auto, (max-width: 1024px) 100vw, 1024px\" \/><\/figure>\n\n\n\n<figure class=\"wp-block-image\"><img loading=\"lazy\" decoding=\"async\" width=\"1024\" height=\"683\" src=\"http:\/\/nerjayoga.com\/wp-content\/uploads\/2021\/06\/Retiroyoga-Grupo-1024x683.jpg\" alt=\"\" class=\"wp-image-580\" srcset=\"https:\/\/www.nerjayoga.com\/wp-content\/uploads\/2021\/06\/Retiroyoga-Grupo-1024x683.jpg 1024w, https:\/\/www.nerjayoga.com\/wp-content\/uploads\/2021\/06\/Retiroyoga-Grupo-300x200.jpg 300w, https:\/\/www.nerjayoga.com\/wp-content\/uploads\/2021\/06\/Retiroyoga-Grupo-768x512.jpg 768w, https:\/\/www.nerjayoga.com\/wp-content\/uploads\/2021\/06\/Retiroyoga-Grupo.jpg 1294w\" sizes=\"auto, (max-width: 1024px) 100vw, 1024px\" \/><\/figure>\n\n\n\n<p>Estoy enormemente agradecida de haber organizado este retiro junto a mi amiga Beatriz L\u00f3pez, quien ante todos los cambios de planes siempre mantuvo la calma, una actitud hiper positiva y resolutiva. Tener a alguien as\u00ed al lado, es siempre un regalo.<\/p>\n\n\n\n<p>Nuestros seis d\u00edas de retiro incluyeron clases de Yoga y meditaci\u00f3n cada ma\u00f1ana y cada tarde.<\/p>\n\n\n\n<p>Excursiones al Pico del Cielo, al Fuerte de Frigiliana, a la Torre de Maro, y el camino que va desde Cantarrij\u00e1n a Ca\u00f1uelo.<\/p>\n\n\n\n<p>Tambi\u00e9n pudieron disfrutar de una visita a la Cueva de Nerja, visitamos el pueblo vecino de Frigiliana y almorzamos en Acebuchal .<\/p>\n\n\n\n<p>Creo que despu\u00e9s de tanto recorrido, todos agradecieron el masaje Ayurv\u00e9dico que tambi\u00e9n inclu\u00eda el retiro.<\/p>\n\n\n\n<figure class=\"wp-block-image\"><img loading=\"lazy\" decoding=\"async\" width=\"1024\" height=\"683\" src=\"http:\/\/nerjayoga.com\/wp-content\/uploads\/2021\/06\/Retiroyoga-Rutas-1024x683.jpg\" alt=\"\" class=\"wp-image-581\" srcset=\"https:\/\/www.nerjayoga.com\/wp-content\/uploads\/2021\/06\/Retiroyoga-Rutas-1024x683.jpg 1024w, https:\/\/www.nerjayoga.com\/wp-content\/uploads\/2021\/06\/Retiroyoga-Rutas-300x200.jpg 300w, https:\/\/www.nerjayoga.com\/wp-content\/uploads\/2021\/06\/Retiroyoga-Rutas-768x512.jpg 768w, https:\/\/www.nerjayoga.com\/wp-content\/uploads\/2021\/06\/Retiroyoga-Rutas.jpg 1294w\" sizes=\"auto, (max-width: 1024px) 100vw, 1024px\" \/><\/figure>\n\n\n\n<figure class=\"wp-block-image\"><img loading=\"lazy\" decoding=\"async\" width=\"1024\" height=\"683\" src=\"http:\/\/nerjayoga.com\/wp-content\/uploads\/2021\/06\/Retiroyoga-Rutas2-1024x683.jpg\" alt=\"\" class=\"wp-image-582\" srcset=\"https:\/\/www.nerjayoga.com\/wp-content\/uploads\/2021\/06\/Retiroyoga-Rutas2-1024x683.jpg 1024w, https:\/\/www.nerjayoga.com\/wp-content\/uploads\/2021\/06\/Retiroyoga-Rutas2-300x200.jpg 300w, https:\/\/www.nerjayoga.com\/wp-content\/uploads\/2021\/06\/Retiroyoga-Rutas2-768x512.jpg 768w, https:\/\/www.nerjayoga.com\/wp-content\/uploads\/2021\/06\/Retiroyoga-Rutas2.jpg 1294w\" sizes=\"auto, (max-width: 1024px) 100vw, 1024px\" \/><\/figure>\n\n\n\n<p>Y, por supuesto, contamos con un maravilloso Chef Vegano, Michal, quien nos hizo vibrar el paladar con aut\u00e9nticos manjares saludables y deliciosos.<\/p>\n\n\n\n<figure class=\"wp-block-image\"><img loading=\"lazy\" decoding=\"async\" width=\"1024\" height=\"1010\" src=\"http:\/\/nerjayoga.com\/wp-content\/uploads\/2021\/06\/Retiroyoga-comida-1024x1010.jpg\" alt=\"\" class=\"wp-image-583\" srcset=\"https:\/\/www.nerjayoga.com\/wp-content\/uploads\/2021\/06\/Retiroyoga-comida-1024x1010.jpg 1024w, https:\/\/www.nerjayoga.com\/wp-content\/uploads\/2021\/06\/Retiroyoga-comida-300x296.jpg 300w, https:\/\/www.nerjayoga.com\/wp-content\/uploads\/2021\/06\/Retiroyoga-comida-768x757.jpg 768w, https:\/\/www.nerjayoga.com\/wp-content\/uploads\/2021\/06\/Retiroyoga-comida.jpg 1294w\" sizes=\"auto, (max-width: 1024px) 100vw, 1024px\" \/><\/figure>\n\n\n\n<p>Personalmente, este primer retiro fue una experiencia, aunque agotadora, maravillosa. Pusimos todo de nuestra parte para que los asistentes disfrutaran al m\u00e1ximo y este esfuerzo se vio recompensado con creces por sus sonrisas y bonitas palabras de agradecimiento.<\/p>\n\n\n\n<h4 class=\"wp-block-heading\"><strong>ALGUNAS DE LAS VALORACIONES DE LOS INTEGRANTES<\/strong><\/h4>\n\n\n\n<p>\u2022&nbsp;<strong>Nelly (Holanda)<\/strong><\/p>\n\n\n\n<p><em>\u201cI am so happy that I came! Everything was organized with so much love and care\u201d<\/em><\/p>\n\n\n\n<p>\u2022&nbsp;<strong>Liz (Irlanda)<\/strong><\/p>\n\n\n\n<p><em>\u201cLovely organisers, very sweet and thoughtful. Perfect organization with attention to detail. Thank you for a lovely week\u201d<\/em><\/p>\n\n\n\n<p>\u2022&nbsp;<strong>Chrissie (Reino Unido)<\/strong><\/p>\n\n\n\n<p><em>\u201cYou are a great teacher, when I am in Nerja next time I will join your class at the studio. Amazing food!\u201d<\/em><\/p>\n\n\n\n<p>\u2022&nbsp;<strong>Elaine<\/strong><\/p>\n\n\n\n<p><em>\u201cYoga was very good, as was everything else. Somethings are not going to be perfect as it is out of your control. But people are very adaptable. Don\u2019t worry!!\u201d<\/em><\/p>\n\n\n\n<p><a href=\"https:\/\/www.nerjayoga.com\/2020\/03\/10\/que-esperar-del-yoga\/\"><\/a><\/p>\n","protected":false},"excerpt":{"rendered":"<p>March 2019 6 d\u00edas de Yoga y Senderismo con un grupo de personas que podr\u00edan haber representado a las Naciones Unidas; cont\u00e1bamos con un israel\u00ed, una camboyana, una holandesa, una sueca, un polaco, 3 inglesas, una escocesa, una irlandesa y yo (que soy de nacionalidad belga). Cuando mi amiga Beatriz L\u00f3pez y yo tom\u00e1bamos caf\u00e9 [&hellip;]<\/p>\n","protected":false},"author":1,"featured_media":0,"parent":0,"menu_order":0,"comment_status":"closed","ping_status":"open","template":"","meta":{"footnotes":""},"class_list":["post-821","page","type-page","status-publish","hentry"],"blocksy_meta":{"styles_descriptor":{"styles":{"desktop":"[data-prefix=\"single_page\"] .entry-header .page-title {--theme-font-size:32px;} [data-prefix=\"single_page\"] .entry-header .entry-meta {--theme-font-weight:600;--theme-text-transform:uppercase;--theme-font-size:12px;--theme-line-height:1.3;} [data-prefix=\"single_page\"] .hero-section[data-type=\"type-1\"] {--alignment:left;--margin-bottom:40;}","tablet":"[data-prefix=\"single_page\"] .entry-header .page-title {--theme-font-size:30px;}","mobile":"[data-prefix=\"single_page\"] .entry-header .page-title {--theme-font-size:25px;}"},"google_fonts":{"Open Sans":["n4","n6"]},"version":6},"page_title_panel":"","has_hero_section":"enabled","c0c25424fe8ea06f38b631e7ce1a14dd":"","hero_section":"type-1","hero_elements":[{"id":"custom_title","enabled":true,"heading_tag":"h1","title":"Inicio","__id":"ILpHFQVpm8TQOofYUd_W1"},{"id":"custom_description","enabled":true,"description_visibility":{"desktop":true,"tablet":true,"mobile":false},"__id":"Np43V8aNSb0zw6Uy02TZ-"},{"id":"custom_meta","enabled":false,"meta_elements":[{"id":"author","enabled":true,"label":"Por","has_author_avatar":"yes","avatar_size":25},{"id":"post_date","enabled":true,"label":"El","date_format_source":"default","date_format":"M j, Y"},{"id":"comments","enabled":true}],"page_meta_elements":{"joined":true,"articles_count":true,"comments":true},"__id":"0S5T-pGyLFE4wiPxO8VtY"},{"id":"breadcrumbs","enabled":false,"__id":"Qkz3GXWl0jf-Z4jEZELyc"}],"d99c53224a9bdece30dd7e569efb8997":"","hero_alignment1":"left","hero_margin":40,"hero_alignment2":"center","hero_vertical_alignment":"center","8998626bb39daae374a6486e920b3820":"","hero_structure":"narrow","9f7592321d5cf4de218906cf746924cb":"","page_title_bg_type":"featured_image","custom_hero_background":{"attachment_id":null},"parallax":{"desktop":false,"tablet":false,"mobile":false},"e2beb5069eced3f7a6cf22619fe82346":"","hero_height":"250px","pageTitleFont":{"family":"Default","variation":"Default","size":{"desktop":"32px","tablet":"30px","mobile":"25px"},"line-height":"CT_CSS_SKIP_RULE","letter-spacing":"CT_CSS_SKIP_RULE","text-transform":"CT_CSS_SKIP_RULE","text-decoration":"CT_CSS_SKIP_RULE"},"pageTitleFontColor":{"default":{"color":"CT_CSS_SKIP_RULEDEFAULT"}},"ee1df499165d4ddeb048ce06461f547b":"","pageMetaFont":{"family":"Default","variation":"n6","size":"12px","line-height":"1.3","letter-spacing":"CT_CSS_SKIP_RULE","text-transform":"uppercase","text-decoration":"CT_CSS_SKIP_RULE"},"pageMetaFontColor":{"default":{"color":"CT_CSS_SKIP_RULEDEFAULT"},"hover":{"color":"CT_CSS_SKIP_RULEDEFAULT"}},"page_meta_button_type_font_colors":{"default":{"color":"CT_CSS_SKIP_RULEDEFAULT"},"hover":{"color":"CT_CSS_SKIP_RULEDEFAULT"}},"page_meta_button_type_background_colors":{"default":{"color":"CT_CSS_SKIP_RULEDEFAULT"},"hover":{"color":"CT_CSS_SKIP_RULEDEFAULT"}},"3e07328dd01e72ef220d6fc7e6b104e9":"","pageExcerptFont":{"family":"Default","variation":"Default","size":"CT_CSS_SKIP_RULE","line-height":"CT_CSS_SKIP_RULE","letter-spacing":"CT_CSS_SKIP_RULE","text-transform":"CT_CSS_SKIP_RULE","text-decoration":"CT_CSS_SKIP_RULE"},"pageExcerptColor":{"default":{"color":"CT_CSS_SKIP_RULEDEFAULT"}},"03468d857bdb6f6d18fd6e888516bb42":"","breadcrumbsFont":{"family":"Default","variation":"n6","size":"12px","line-height":"CT_CSS_SKIP_RULE","letter-spacing":"CT_CSS_SKIP_RULE","text-transform":"uppercase","text-decoration":"CT_CSS_SKIP_RULE"},"breadcrumbsFontColor":{"default":{"color":"CT_CSS_SKIP_RULEDEFAULT"},"initial":{"color":"CT_CSS_SKIP_RULEDEFAULT"},"hover":{"color":"CT_CSS_SKIP_RULEDEFAULT"}},"7acaaaf5e8bf5690b84f4e76f274f2ba":"","pageTitleOverlay":{"default":{"color":"CT_CSS_SKIP_RULE"}},"09ac1a6d556bf26145ddccb27a3543ec":"","pageTitleBackground":{"background_type":"color","background_pattern":"type-1","background_image":{"attachment_id":null,"x":0,"y":0},"gradient":"linear-gradient(135deg,rgba(6,147,227,1) 0%,rgb(155,81,224) 100%)","background_repeat":"no-repeat","background_size":"auto","background_attachment":"scroll","patternColor":{"default":{"color":"#e5e7ea"}},"overlayColor":{"default":{"color":"CT_CSS_SKIP_RULE"}},"backgroundColor":{"default":{"color":"var(--theme-palette-color-6)"}}},"c0a3a4b3150e6ff3477d81db462901d8":"","pageTitlePadding":{"top":"50px","bottom":"50px","left":"auto","right":"auto","linked":true},"74059fa0755fb26a75ad36fb73bc3ffc":"","page_structure_type":"default","47a1110a1c9abcc7f94c266feea718ae":"","content_style_source":"inherit","content_style":"wide","vertical_spacing_source":"inherit","content_area_spacing":"both","background":{"background_type":"color","background_pattern":"type-1","background_image":{"attachment_id":null,"x":0,"y":0},"gradient":"linear-gradient(135deg,rgba(6,147,227,1) 0%,rgb(155,81,224) 100%)","background_repeat":"no-repeat","background_size":"auto","background_attachment":"scroll","patternColor":{"default":{"color":"#e5e7ea"}},"overlayColor":{"default":{"color":"CT_CSS_SKIP_RULE"}},"backgroundColor":{"default":{"color":"CT_CSS_SKIP_RULE"}}},"content_background":{"background_type":"color","background_pattern":"type-1","background_image":{"attachment_id":null,"x":0,"y":0},"gradient":"linear-gradient(135deg,rgba(6,147,227,1) 0%,rgb(155,81,224) 100%)","background_repeat":"no-repeat","background_size":"auto","background_attachment":"scroll","patternColor":{"default":{"color":"#e5e7ea"}},"overlayColor":{"default":{"color":"CT_CSS_SKIP_RULE"}},"backgroundColor":{"default":{"color":"var(--theme-palette-color-8)"}}},"content_boxed_shadow":{"inherit":false,"blur":18,"spread":-6,"v_offset":12,"h_offset":0,"inset":false,"enable":true,"color":{"color":"rgba(34, 56, 101, 0.04)"}},"boxed_content_spacing":{"desktop":{"top":"40px","bottom":"40px","left":"40px","right":"40px","linked":true},"tablet":{"top":"35px","bottom":"35px","left":"35px","right":"35px","linked":true},"mobile":{"top":"20px","bottom":"20px","left":"20px","right":"20px","linked":true}},"content_boxed_radius":{"top":"3px","bottom":"3px","left":"3px","right":"3px","linked":true},"886c96cc249a8a3effe66c0a69bf01d4":"","disable_featured_image":"no","disable_header":"no","disable_footer":"no","f413e7b1bdf8d01ee19e5fc705a123e8":"","d5fe85a0c3da26c1676847e6a2915fa3":"","622876cb0763bd9a8d49771d2474cad2":"","0adc4204d7a909c369fabcad54616ce3":"","a01a4072c4c751df4f914fb56a96a004":"","95c2f52cf9e4c6013f587df77dbd079d":"","20bb373f5a774d3c3712ce1f34d2fbdb":"","bac244acee164a29780f53378f447b54":"","0bc1eb559c22204ff63fa06e2513d946":"","0cd572b1af808fd817d862b5bbb2dcea":"","9782c46228447e47cc08f069a7fe0e2e":"","419a3e73edf9cca633aba198d59b13f7":"","79d6003686064721f31301f90b971092":"","7164bf06bfd187a0edc4ea4c497a9c7c":""},"_links":{"self":[{"href":"https:\/\/www.nerjayoga.com\/en\/wp-json\/wp\/v2\/pages\/821","targetHints":{"allow":["GET"]}}],"collection":[{"href":"https:\/\/www.nerjayoga.com\/en\/wp-json\/wp\/v2\/pages"}],"about":[{"href":"https:\/\/www.nerjayoga.com\/en\/wp-json\/wp\/v2\/types\/page"}],"author":[{"embeddable":true,"href":"https:\/\/www.nerjayoga.com\/en\/wp-json\/wp\/v2\/users\/1"}],"replies":[{"embeddable":true,"href":"https:\/\/www.nerjayoga.com\/en\/wp-json\/wp\/v2\/comments?post=821"}],"version-history":[{"count":8,"href":"https:\/\/www.nerjayoga.com\/en\/wp-json\/wp\/v2\/pages\/821\/revisions"}],"predecessor-version":[{"id":1689,"href":"https:\/\/www.nerjayoga.com\/en\/wp-json\/wp\/v2\/pages\/821\/revisions\/1689"}],"wp:attachment":[{"href":"https:\/\/www.nerjayoga.com\/en\/wp-json\/wp\/v2\/media?parent=821"}],"curies":[{"name":"wp","href":"https:\/\/api.w.org\/{rel}","templated":true}]}}